{"id":43,"date":"2023-02-11T16:11:34","date_gmt":"2023-02-11T15:11:34","guid":{"rendered":"http:\/\/lesentierdelamie.fr\/index.php\/home\/"},"modified":"2023-02-25T15:29:29","modified_gmt":"2023-02-25T14:29:29","slug":"home","status":"publish","type":"page","link":"https:\/\/lesentierdelamie.fr\/","title":{"rendered":"Accueil"},"content":{"rendered":"\t\t<div data-elementor-type=\"wp-page\" data-elementor-id=\"43\" class=\"elementor elementor-43\">\n\t\t\t\t\t\t\t\t\t<section class=\"elementor-section elementor-top-section elementor-element elementor-element-bd0ff7c elementor-section-boxed elementor-section-height-default elementor-section-height-default\" data-id=\"bd0ff7c\" data-element_type=\"section\">\n\t\t\t\t\t\t<div class=\"elementor-container elementor-column-gap-default\">\n\t\t\t\t\t<div class=\"elementor-column elementor-col-100 elementor-top-column elementor-element elementor-element-ef510e3\" data-id=\"ef510e3\" data-element_type=\"column\">\n\t\t\t<div class=\"elementor-widget-wrap elementor-element-populated\">\n\t\t\t\t\t\t\t\t<div class=\"elementor-element elementor-element-e37f18d elementor-widget elementor-widget-image\" data-id=\"e37f18d\" data-element_type=\"widget\" data-widget_type=\"image.default\">\n\t\t\t\t<div class=\"elementor-widget-container\">\n\t\t\t<style>\/*! elementor - v3.10.2 - 29-01-2023 *\/\n.elementor-widget-image{text-align:center}.elementor-widget-image a{display:inline-block}.elementor-widget-image a img[src$=\".svg\"]{width:48px}.elementor-widget-image img{vertical-align:middle;display:inline-block}<\/style>\t\t\t\t\t\t\t\t\t\t\t\t<img loading=\"lazy\" decoding=\"async\" width=\"1199\" height=\"786\" src=\"https:\/\/lesentierdelamie.fr\/wp-content\/uploads\/2023\/02\/home.png\" class=\"attachment-full size-full wp-image-63\" alt=\"le sentier de la mie, boulangerie p\u00e2tisserie \u00e0 Le Teich\" srcset=\"https:\/\/lesentierdelamie.fr\/wp-content\/uploads\/2023\/02\/home.png 1199w, https:\/\/lesentierdelamie.fr\/wp-content\/uploads\/2023\/02\/home-300x197.png 300w, https:\/\/lesentierdelamie.fr\/wp-content\/uploads\/2023\/02\/home-1024x671.png 1024w, https:\/\/lesentierdelamie.fr\/wp-content\/uploads\/2023\/02\/home-768x503.png 768w\" sizes=\"auto, (max-width: 1199px) 100vw, 1199px\" \/>\t\t\t\t\t\t\t\t\t\t\t\t\t\t\t<\/div>\n\t\t\t\t<\/div>\n\t\t\t\t\t<\/div>\n\t\t<\/div>\n\t\t\t\t\t\t\t<\/div>\n\t\t<\/section>\n\t\t\t\t<section class=\"elementor-section elementor-top-section elementor-element elementor-element-15de13c elementor-section-full_width elementor-section-content-top animated-slow elementor-section-height-default elementor-section-height-default elementor-invisible\" data-id=\"15de13c\" data-element_type=\"section\" data-settings=\"{&quot;animation&quot;:&quot;fadeInUp&quot;}\">\n\t\t\t\t\t\t<div class=\"elementor-container elementor-column-gap-no\">\n\t\t\t\t\t<div class=\"elementor-column elementor-col-100 elementor-top-column elementor-element elementor-element-61672366\" data-id=\"61672366\" data-element_type=\"column\">\n\t\t\t<div class=\"elementor-widget-wrap elementor-element-populated\">\n\t\t\t\t\t\t\t\t<div class=\"elementor-element elementor-element-21ba399 elementor-widget elementor-widget-heading\" data-id=\"21ba399\" data-element_type=\"widget\" data-widget_type=\"heading.default\">\n\t\t\t\t<div class=\"elementor-widget-container\">\n\t\t\t<style>\/*! elementor - v3.10.2 - 29-01-2023 *\/\n.elementor-heading-title{padding:0;margin:0;line-height:1}.elementor-widget-heading .elementor-heading-title[class*=elementor-size-]>a{color:inherit;font-size:inherit;line-height:inherit}.elementor-widget-heading .elementor-heading-title.elementor-size-small{font-size:15px}.elementor-widget-heading .elementor-heading-title.elementor-size-medium{font-size:19px}.elementor-widget-heading .elementor-heading-title.elementor-size-large{font-size:29px}.elementor-widget-heading .elementor-heading-title.elementor-size-xl{font-size:39px}.elementor-widget-heading .elementor-heading-title.elementor-size-xxl{font-size:59px}<\/style><h2 class=\"elementor-heading-title elementor-size-default\">Bienvenue,<\/h2>\t\t<\/div>\n\t\t\t\t<\/div>\n\t\t\t\t<div class=\"elementor-element elementor-element-37ea3e8 elementor-widget elementor-widget-text-editor\" data-id=\"37ea3e8\" data-element_type=\"widget\" data-widget_type=\"text-editor.default\">\n\t\t\t\t<div class=\"elementor-widget-container\">\n\t\t\t<style>\/*! elementor - v3.10.2 - 29-01-2023 *\/\n.elementor-widget-text-editor.elementor-drop-cap-view-stacked .elementor-drop-cap{background-color:#818a91;color:#fff}.elementor-widget-text-editor.elementor-drop-cap-view-framed .elementor-drop-cap{color:#818a91;border:3px solid;background-color:transparent}.elementor-widget-text-editor:not(.elementor-drop-cap-view-default) .elementor-drop-cap{margin-top:8px}.elementor-widget-text-editor:not(.elementor-drop-cap-view-default) .elementor-drop-cap-letter{width:1em;height:1em}.elementor-widget-text-editor .elementor-drop-cap{float:left;text-align:center;line-height:1;font-size:50px}.elementor-widget-text-editor .elementor-drop-cap-letter{display:inline-block}<\/style>\t\t\t\t<p>\u00a0St\u00e9phanie et Sebastien, un couple passionn\u00e9 vous accueille dans leur boutique en plein bourg de la commune du Teich. Leur amour pour les ingr\u00e9dients frais et locaux se refl\u00e8te dans chaque produit qu&#8217;ils proposent, <b>des baguettes aux croissants en passant par les g\u00e2teaux et les tartes.<\/b> S\u00e9bastien et St\u00e9phanie mettent un point d&#8217;honneur \u00e0 travailler avec des mati\u00e8res premi\u00e8res de qualit\u00e9, et ils utilisent des techniques traditionnelles pour cr\u00e9er des <b>produits de qualit\u00e9 sup\u00e9rieure.<\/b> Avec leur \u00e9quipe de boulangers et de p\u00e2tissiers exp\u00e9riment\u00e9s, ils ont cr\u00e9\u00e9 une boulangerie-p\u00e2tisserie qui ravit les papilles de tous les \u00e9picuriens.\u00a0<\/p>\t\t\t\t\t\t<\/div>\n\t\t\t\t<\/div>\n\t\t\t\t\t<\/div>\n\t\t<\/div>\n\t\t\t\t\t\t\t<\/div>\n\t\t<\/section>\n\t\t\t\t<section class=\"elementor-section elementor-top-section elementor-element elementor-element-855d74d animated-slow elementor-section-boxed elementor-section-height-default elementor-section-height-default elementor-invisible\" data-id=\"855d74d\" data-element_type=\"section\" data-settings=\"{&quot;animation&quot;:&quot;fadeIn&quot;}\">\n\t\t\t\t\t\t<div class=\"elementor-container elementor-column-gap-default\">\n\t\t\t\t\t<div class=\"elementor-column elementor-col-100 elementor-top-column elementor-element elementor-element-04a3e9a\" data-id=\"04a3e9a\" data-element_type=\"column\">\n\t\t\t<div class=\"elementor-widget-wrap elementor-element-populated\">\n\t\t\t\t\t\t\t\t<div class=\"elementor-element elementor-element-35443c6 elementor-widget elementor-widget-image\" data-id=\"35443c6\" data-element_type=\"widget\" data-widget_type=\"image.default\">\n\t\t\t\t<div class=\"elementor-widget-container\">\n\t\t\t\t\t\t\t\t\t\t\t\t\t\t\t<img loading=\"lazy\" decoding=\"async\" width=\"225\" height=\"300\" src=\"https:\/\/lesentierdelamie.fr\/wp-content\/uploads\/2023\/02\/picto-225x300.png\" class=\"attachment-medium size-medium wp-image-82\" alt=\"\" srcset=\"https:\/\/lesentierdelamie.fr\/wp-content\/uploads\/2023\/02\/picto-225x300.png 225w, https:\/\/lesentierdelamie.fr\/wp-content\/uploads\/2023\/02\/picto.png 318w\" sizes=\"auto, (max-width: 225px) 100vw, 225px\" \/>\t\t\t\t\t\t\t\t\t\t\t\t\t\t\t<\/div>\n\t\t\t\t<\/div>\n\t\t\t\t\t<\/div>\n\t\t<\/div>\n\t\t\t\t\t\t\t<\/div>\n\t\t<\/section>\n\t\t\t\t<section class=\"elementor-section elementor-top-section elementor-element elementor-element-4a23e34f elementor-section-boxed elementor-section-height-default elementor-section-height-default\" data-id=\"4a23e34f\" data-element_type=\"section\">\n\t\t\t\t\t\t<div class=\"elementor-container elementor-column-gap-no\">\n\t\t\t\t\t<div class=\"elementor-column elementor-col-100 elementor-top-column elementor-element elementor-element-16dc0294\" data-id=\"16dc0294\" data-element_type=\"column\">\n\t\t\t<div class=\"elementor-widget-wrap elementor-element-populated\">\n\t\t\t\t\t\t\t\t<div class=\"elementor-element elementor-element-580feb2b elementor-invisible elementor-widget elementor-widget-heading\" data-id=\"580feb2b\" data-element_type=\"widget\" data-settings=\"{&quot;_animation&quot;:&quot;rollIn&quot;}\" data-widget_type=\"heading.default\">\n\t\t\t\t<div class=\"elementor-widget-container\">\n\t\t\t<h2 class=\"elementor-heading-title elementor-size-default\">une boulangerie unique<\/h2>\t\t<\/div>\n\t\t\t\t<\/div>\n\t\t\t\t\t<\/div>\n\t\t<\/div>\n\t\t\t\t\t\t\t<\/div>\n\t\t<\/section>\n\t\t\t\t<section class=\"elementor-section elementor-top-section elementor-element elementor-element-57e0d91 elementor-section-boxed elementor-section-height-default elementor-section-height-default\" data-id=\"57e0d91\" data-element_type=\"section\">\n\t\t\t\t\t\t<div class=\"elementor-container elementor-column-gap-default\">\n\t\t\t\t\t<div class=\"elementor-column elementor-col-66 elementor-top-column elementor-element elementor-element-5877004\" data-id=\"5877004\" data-element_type=\"column\">\n\t\t\t<div class=\"elementor-widget-wrap elementor-element-populated\">\n\t\t\t\t\t\t\t\t<div class=\"elementor-element elementor-element-bcacbbc elementor-invisible elementor-widget elementor-widget-image\" data-id=\"bcacbbc\" data-element_type=\"widget\" data-settings=\"{&quot;_animation&quot;:&quot;fadeInLeft&quot;}\" data-widget_type=\"image.default\">\n\t\t\t\t<div class=\"elementor-widget-container\">\n\t\t\t\t\t\t\t\t\t\t\t\t\t\t\t<img loading=\"lazy\" decoding=\"async\" width=\"800\" height=\"591\" src=\"https:\/\/lesentierdelamie.fr\/wp-content\/uploads\/2023\/02\/tablier-1024x757.png\" class=\"attachment-large size-large wp-image-81\" alt=\"\" srcset=\"https:\/\/lesentierdelamie.fr\/wp-content\/uploads\/2023\/02\/tablier-1024x757.png 1024w, https:\/\/lesentierdelamie.fr\/wp-content\/uploads\/2023\/02\/tablier-300x222.png 300w, https:\/\/lesentierdelamie.fr\/wp-content\/uploads\/2023\/02\/tablier-768x567.png 768w, https:\/\/lesentierdelamie.fr\/wp-content\/uploads\/2023\/02\/tablier-1536x1135.png 1536w, https:\/\/lesentierdelamie.fr\/wp-content\/uploads\/2023\/02\/tablier.png 1551w\" sizes=\"auto, (max-width: 800px) 100vw, 800px\" \/>\t\t\t\t\t\t\t\t\t\t\t\t\t\t\t<\/div>\n\t\t\t\t<\/div>\n\t\t\t\t\t<\/div>\n\t\t<\/div>\n\t\t\t\t<div class=\"elementor-column elementor-col-33 elementor-top-column elementor-element elementor-element-0a0de3d\" data-id=\"0a0de3d\" data-element_type=\"column\">\n\t\t\t<div class=\"elementor-widget-wrap elementor-element-populated\">\n\t\t\t\t\t\t\t\t<div class=\"elementor-element elementor-element-98f63ab elementor-invisible elementor-widget elementor-widget-heading\" data-id=\"98f63ab\" data-element_type=\"widget\" data-settings=\"{&quot;_animation&quot;:&quot;fadeInDown&quot;}\" data-widget_type=\"heading.default\">\n\t\t\t\t<div class=\"elementor-widget-container\">\n\t\t\t<h4 class=\"elementor-heading-title elementor-size-default\">\"La douce odeur du pain chaud\"<\/h4>\t\t<\/div>\n\t\t\t\t<\/div>\n\t\t\t\t<div class=\"elementor-element elementor-element-075b602 elementor-invisible elementor-widget elementor-widget-text-editor\" data-id=\"075b602\" data-element_type=\"widget\" data-settings=\"{&quot;_animation&quot;:&quot;fadeInRight&quot;}\" data-widget_type=\"text-editor.default\">\n\t\t\t\t<div class=\"elementor-widget-container\">\n\t\t\t\t\t\t\t<p>Lorsque vous entrerez dans la boulangerie-p\u00e2tisserie, vous serez imm\u00e9diatement transport\u00e9 dans un univers o\u00f9 les saveurs authentiques et la qualit\u00e9 sont \u00e0 l&#8217;honneur. Les odeurs enivrantes du <strong>pain frais sortant du four, des croissants dor\u00e9s et des p\u00e2tisseries<\/strong><strong> app\u00e9tissantes vous mettront l&#8217;eau \u00e0 la bouche<\/strong><\/p><p>Que vous soyez un habitant de la ville ou un touriste en qu\u00eate d&#8217;authenticit\u00e9, le sentier de la mie est l&#8217;endroit id\u00e9al pour vous r\u00e9galer de produits de qualit\u00e9, confectionn\u00e9s avec passion et savoir-faire.<\/p><p><strong>Alors, venez savourer ces d\u00e9lices dans cet endroit chaleureux et convivial !<\/strong><\/p><p><strong>\u00a0<\/strong><\/p>\t\t\t\t\t\t<\/div>\n\t\t\t\t<\/div>\n\t\t\t\t\t<\/div>\n\t\t<\/div>\n\t\t\t\t\t\t\t<\/div>\n\t\t<\/section>\n\t\t\t\t<section class=\"elementor-section elementor-top-section elementor-element elementor-element-37b5c903 elementor-section-full_width elementor-section-height-min-height elementor-section-items-stretch elementor-section-content-middle animated-slow elementor-section-height-default elementor-invisible\" data-id=\"37b5c903\" data-element_type=\"section\" data-settings=\"{&quot;background_background&quot;:&quot;classic&quot;,&quot;animation&quot;:&quot;slideInUp&quot;}\">\n\t\t\t\t\t\t<div class=\"elementor-container elementor-column-gap-no\">\n\t\t\t\t\t<div class=\"elementor-column elementor-col-50 elementor-top-column elementor-element elementor-element-36c3942\" data-id=\"36c3942\" data-element_type=\"column\" data-settings=\"{&quot;background_background&quot;:&quot;classic&quot;}\">\n\t\t\t<div class=\"elementor-widget-wrap elementor-element-populated\">\n\t\t\t\t\t\t\t\t<div class=\"elementor-element elementor-element-15c0d4f6 elementor-widget elementor-widget-spacer\" data-id=\"15c0d4f6\" data-element_type=\"widget\" data-widget_type=\"spacer.default\">\n\t\t\t\t<div class=\"elementor-widget-container\">\n\t\t\t<style>\/*! elementor - v3.10.2 - 29-01-2023 *\/\n.elementor-column .elementor-spacer-inner{height:var(--spacer-size)}.e-con{--container-widget-width:100%}.e-con-inner>.elementor-widget-spacer,.e-con>.elementor-widget-spacer{width:var(--container-widget-width,var(--spacer-size));--align-self:var(--container-widget-align-self,initial);--flex-shrink:0}.e-con-inner>.elementor-widget-spacer>.elementor-widget-container,.e-con-inner>.elementor-widget-spacer>.elementor-widget-container>.elementor-spacer,.e-con>.elementor-widget-spacer>.elementor-widget-container,.e-con>.elementor-widget-spacer>.elementor-widget-container>.elementor-spacer{height:100%}.e-con-inner>.elementor-widget-spacer>.elementor-widget-container>.elementor-spacer>.elementor-spacer-inner,.e-con>.elementor-widget-spacer>.elementor-widget-container>.elementor-spacer>.elementor-spacer-inner{height:var(--container-widget-height,var(--spacer-size))}<\/style>\t\t<div class=\"elementor-spacer\">\n\t\t\t<div class=\"elementor-spacer-inner\"><\/div>\n\t\t<\/div>\n\t\t\t\t<\/div>\n\t\t\t\t<\/div>\n\t\t\t\t\t<\/div>\n\t\t<\/div>\n\t\t\t\t<div class=\"elementor-column elementor-col-50 elementor-top-column elementor-element elementor-element-505fb743\" data-id=\"505fb743\" data-element_type=\"column\">\n\t\t\t<div class=\"elementor-widget-wrap elementor-element-populated\">\n\t\t\t\t\t\t\t\t<div class=\"elementor-element elementor-element-3d7d81da elementor-view-default elementor-mobile-position-top elementor-vertical-align-top elementor-widget elementor-widget-icon-box\" data-id=\"3d7d81da\" data-element_type=\"widget\" data-widget_type=\"icon-box.default\">\n\t\t\t\t<div class=\"elementor-widget-container\">\n\t\t\t<link rel=\"stylesheet\" href=\"https:\/\/lesentierdelamie.fr\/wp-content\/plugins\/elementor\/assets\/css\/widget-icon-box.min.css\">\t\t<div class=\"elementor-icon-box-wrapper\">\n\t\t\t\t\t\t<div class=\"elementor-icon-box-icon\">\n\t\t\t\t<span class=\"elementor-icon elementor-animation-\" >\n\t\t\t\t<svg xmlns=\"http:\/\/www.w3.org\/2000\/svg\" id=\"babd51c6-232f-4668-aa27-cf262924e93d\" data-name=\"Layer 1\" width=\"61.8\" height=\"53.9999\" viewBox=\"0 0 61.8 53.9999\"><path d=\"M58.6,34.2a11.0935,11.0935,0,0,0-8.4-3.6,4.0745,4.0745,0,0,1-3-1,4.5281,4.5281,0,0,1-1-3q0-6.6,4.8-13A39.3606,39.3606,0,0,1,62,3.4L59.8.2Q47.2,6.4,41,15.6a35.6044,35.6044,0,0,0-6,20.2q0,8.2,4,13.4a13.8883,13.8883,0,0,0,11.2,5A11.7892,11.7892,0,0,0,58.6,51a11.0936,11.0936,0,0,0,3.6-8.4A11.0936,11.0936,0,0,0,58.6,34.2Z\" transform=\"translate(-0.4 -0.2)\"><\/path><path d=\"M15.6,30.6a4.0745,4.0745,0,0,1-3-1,4.5281,4.5281,0,0,1-1-3q0-6.6,4.8-13a39.3606,39.3606,0,0,1,11-10.2L25.2.2Q12.6,6.4,6.4,15.6a35.6044,35.6044,0,0,0-6,20.2q0,8.2,4,13.4a13.8883,13.8883,0,0,0,11.2,5A11.7892,11.7892,0,0,0,24,51a11.0936,11.0936,0,0,0,3.6-8.4A11.0936,11.0936,0,0,0,24,34.2,11.0935,11.0935,0,0,0,15.6,30.6Z\" transform=\"translate(-0.4 -0.2)\"><\/path><\/svg>\t\t\t\t<\/span>\n\t\t\t<\/div>\n\t\t\t\t\t\t<div class=\"elementor-icon-box-content\">\n\t\t\t\t<h3 class=\"elementor-icon-box-title\">\n\t\t\t\t\t<span  >\n\t\t\t\t\t\t\u201cLe respect des techniques de cuisson, c'est la garantie d'un produit de qualit\u00e9 !\u201d\t\t\t\t\t<\/span>\n\t\t\t\t<\/h3>\n\t\t\t\t\t\t\t\t\t<p class=\"elementor-icon-box-description\">\n\t\t\t\t\t\tSebastien Cantaloube - Patissier depuis 20 ans\t\t\t\t\t<\/p>\n\t\t\t\t\t\t\t<\/div>\n\t\t<\/div>\n\t\t\t\t<\/div>\n\t\t\t\t<\/div>\n\t\t\t\t\t<\/div>\n\t\t<\/div>\n\t\t\t\t\t\t\t<\/div>\n\t\t<\/section>\n\t\t\t\t<section class=\"elementor-section elementor-top-section elementor-element elementor-element-7ad3caa elementor-section-boxed elementor-section-height-default elementor-section-height-default\" data-id=\"7ad3caa\" data-element_type=\"section\">\n\t\t\t\t\t\t<div class=\"elementor-container elementor-column-gap-default\">\n\t\t\t\t\t<div class=\"elementor-column elementor-col-100 elementor-top-column elementor-element elementor-element-348715b\" data-id=\"348715b\" data-element_type=\"column\">\n\t\t\t<div class=\"elementor-widget-wrap\">\n\t\t\t\t\t\t\t\t\t<\/div>\n\t\t<\/div>\n\t\t\t\t\t\t\t<\/div>\n\t\t<\/section>\n\t\t\t\t\t\t\t<\/div>\n\t\t","protected":false},"excerpt":{"rendered":"<p>Bienvenue, \u00a0St\u00e9phanie et Sebastien, un couple passionn\u00e9 vous accueille dans leur boutique en plein bourg de la commune du Teich. Leur amour pour les ingr\u00e9dients frais et locaux se refl\u00e8te dans chaque produit qu&#8217;ils proposent, des baguettes aux croissants en passant par les g\u00e2teaux et les tartes. S\u00e9bastien et St\u00e9phanie mettent un point d&#8217;honneur \u00e0 [&hellip;]<\/p>\n","protected":false},"author":1,"featured_media":0,"parent":0,"menu_order":0,"comment_status":"closed","ping_status":"closed","template":"","meta":{"footnotes":""},"class_list":["post-43","page","type-page","status-publish","hentry"],"_links":{"self":[{"href":"https:\/\/lesentierdelamie.fr\/index.php\/wp-json\/wp\/v2\/pages\/43","targetHints":{"allow":["GET"]}}],"collection":[{"href":"https:\/\/lesentierdelamie.fr\/index.php\/wp-json\/wp\/v2\/pages"}],"about":[{"href":"https:\/\/lesentierdelamie.fr\/index.php\/wp-json\/wp\/v2\/types\/page"}],"author":[{"embeddable":true,"href":"https:\/\/lesentierdelamie.fr\/index.php\/wp-json\/wp\/v2\/users\/1"}],"replies":[{"embeddable":true,"href":"https:\/\/lesentierdelamie.fr\/index.php\/wp-json\/wp\/v2\/comments?post=43"}],"version-history":[{"count":40,"href":"https:\/\/lesentierdelamie.fr\/index.php\/wp-json\/wp\/v2\/pages\/43\/revisions"}],"predecessor-version":[{"id":112,"href":"https:\/\/lesentierdelamie.fr\/index.php\/wp-json\/wp\/v2\/pages\/43\/revisions\/112"}],"wp:attachment":[{"href":"https:\/\/lesentierdelamie.fr\/index.php\/wp-json\/wp\/v2\/media?parent=43"}],"curies":[{"name":"wp","href":"https:\/\/api.w.org\/{rel}","templated":true}]}}